{"id":14502,"date":"2024-12-13T11:17:04","date_gmt":"2024-12-13T09:17:04","guid":{"rendered":"https:\/\/sol.lv\/yksityisyydensuoja\/"},"modified":"2025-02-28T13:34:34","modified_gmt":"2025-02-28T11:34:34","slug":"yksityisyydensuoja","status":"publish","type":"page","link":"https:\/\/sol.lv\/fi\/yksityisyydensuoja\/","title":{"rendered":"Yksityisyydensuoja"},"content":{"rendered":"\t\t<div data-elementor-type=\"wp-page\" data-elementor-id=\"14502\" class=\"elementor elementor-14502 elementor-6670\" data-elementor-post-type=\"page\">\n\t\t\t\t<div class=\"elementor-element elementor-element-ec0b2f3 e-flex e-con-boxed e-con e-parent\" data-id=\"ec0b2f3\" data-element_type=\"container\" data-e-type=\"container\">\n\t\t\t\t\t<div class=\"e-con-inner\">\n\t\t\t\t<div class=\"elementor-element elementor-element-11b209b elementor-absolute elementor-widget elementor-widget-shortcode\" data-id=\"11b209b\" data-element_type=\"widget\" data-e-type=\"widget\" data-settings=\"{&quot;_position&quot;:&quot;absolute&quot;}\" data-widget_type=\"shortcode.default\">\n\t\t\t\t\t\t\t<div class=\"elementor-shortcode\">\t\t<div class=\"breadcrumbs\" typeof=\"BreadcrumbList\" vocab=\"https:\/\/schema.org\/\">\n\t\t\t<span property=\"itemListElement\" typeof=\"ListItem\"><a property=\"item\" typeof=\"WebPage\" title=\"Go to Avaleht.\" href=\"https:\/\/sol.lv\/fi\/\" class=\"home\" ><span property=\"name\">Avaleht<\/span><\/a><meta property=\"position\" content=\"1\"><\/span><svg xmlns=\"http:\/\/www.w3.org\/2000\/svg\" width=\"4\" height=\"7\" fill=\"none\">\r\n<path d=\"M-3.59526e-08 6.1775L2.47233 3.5L-2.70027e-07 0.8225L0.761133 -3.32702e-08L4 3.5L0.761134 7L-3.59526e-08 6.1775Z\" fill=\"black\" \/>\r\n<\/svg><span property=\"itemListElement\" typeof=\"ListItem\"><a property=\"item\" typeof=\"WebPage\" title=\"Go to Blogs.\" href=\"https:\/\/sol.lv\/blogs\/\" class=\"post-root post post-post\" aria-current=\"page\"><span property=\"name\">Blogs<\/span><\/a><meta property=\"position\" content=\"2\"><\/span>\t\t<\/div>\n\t\t<\/div>\n\t\t\t\t\t\t<\/div>\n\t\t<div class=\"elementor-element elementor-element-9e2730f e-flex e-con-boxed e-con e-child\" data-id=\"9e2730f\" data-element_type=\"container\" data-e-type=\"container\">\n\t\t\t\t\t<div class=\"e-con-inner\">\n\t\t\t\t<div class=\"elementor-element elementor-element-34ce640 elementor-widget elementor-widget-heading\" data-id=\"34ce640\" data-element_type=\"widget\" data-e-type=\"widget\" data-widget_type=\"heading.default\">\n\t\t\t\t\t<h1 class=\"elementor-heading-title elementor-size-default\">Yksityisyydensuoja<\/h1>\t\t\t\t<\/div>\n\t\t\t\t<div class=\"elementor-element elementor-element-73c8e2e elementor-widget elementor-widget-text-editor\" data-id=\"73c8e2e\" data-element_type=\"widget\" data-e-type=\"widget\" data-widget_type=\"text-editor.default\">\n\t\t\t\t\t\t\t\t\t<p><b>JOHDANTO<\/b><\/p><p>Asiakaspalvelun parantamiseksi SOL Baltics O\u00dc (&#8221;SOL&#8221;) k\u00e4sittelee asiakkaidensa henkilotietoja t\u00e4m\u00e4n yksityisyydensuojak\u00e4yt\u00e4nn\u00f6n (&#8221;yksityisyydensuoja&#8221;) sek\u00e4 sovellettavien tietosuojas\u00e4\u00e4d\u00f6sten mukaisesti.<\/p><p>T\u00e4m\u00e4n yksityisyydensuojan tarkoituksena on selvent\u00e4\u00e4, mit\u00e4 henkil\u00f6tietoja SOL ker\u00e4\u00e4 asiakkaistaan, mihin tarkoituksiin niit\u00e4 k\u00e4ytet\u00e4\u00e4n sek\u00e4 mitk\u00e4 ovat asiakkaiden oikeudet tietojensa k\u00e4sittelyn suhteen. Yksityisyydensuoja ei koske anonyymien tietojen tai oikeushenkil\u00f6iden tietojen k\u00e4sittely\u00e4.<\/p><p>\u00a0<\/p><p><b>HENKIL\u00d6TIETOJEN K\u00c4SITTELIJ\u00c4T<\/b><\/p><p><b><br \/>Rekisterinpit\u00e4j\u00e4<\/b> Rekisterinpit\u00e4j\u00e4 on oikeushenkil\u00f6, joka m\u00e4\u00e4r\u00e4\u00e4 henkilotietojen k\u00e4sittelyn tarkoitukset ja tavat.<\/p><ul><li><p><b>Rekisterinpit\u00e4j\u00e4<\/b>: SOL Baltics O\u00dc<\/p><\/li><li><p><b>Y-tunnus<\/b>: 10419987<\/p><\/li><li><p><b>Osoite<\/b>: Telliskivi 61b, 10412 Tallinna<\/p><\/li><li><p><b>Yhteystiedot<\/b>: +372 6 771 551, <span style=\"color: #467886;\"><u><a href=\"mailto:sol@sol.ee\">sol@sol.ee<\/a><\/u><\/span>.<\/p><\/li><\/ul><p><b>Tietojen k\u00e4sittely kolmansien osapuolten toimesta<\/b> Palvelujen tarjoamisen yhteydess\u00e4 SOL voi k\u00e4sitell\u00e4 henkilotietojasi yhteisty\u00f6kumppaneidensa kautta (esim. kuljetuspalvelut). N\u00e4m\u00e4 yhteisty\u00f6kumppanit toimivat tietojen &#8221;k\u00e4sittelij\u00f6in\u00e4&#8221; SOLin puolesta. SOL ei luovuta henkilotietoja kolmansille osapuolille, ellei laki sit\u00e4 edellyt\u00e4, se ole v\u00e4ltt\u00e4m\u00e4t\u00f6nt\u00e4 sopimuksen t\u00e4ytt\u00e4miseksi tai asiakas ole antanut siihen suostumustaan.<\/p><p>\u00a0<\/p><p><b>HENKIL\u00d6TIETOJEN K\u00c4SITTELYN PERIAATTEET<\/b><\/p><p>SOL noudattaa seuraavia periaatteita henkilotietojen k\u00e4sittelyss\u00e4:<\/p><ul><li><p><b>L\u00e4pin\u00e4kyvyys<\/b> \u2013 Henkilotietoja k\u00e4sitell\u00e4\u00e4n lainmukaisesti ja reilusti.<\/p><\/li><li><p><b>Tarkoituksen rajoittaminen<\/b> \u2013 Tietoja ker\u00e4t\u00e4\u00e4n vain ennalta m\u00e4\u00e4riteltyihin ja oikeutettuihin tarkoituksiin.<\/p><\/li><li><p><b>Tietom\u00e4\u00e4r\u00e4n minimointi<\/b> \u2013 Ker\u00e4\u00e4mme vain v\u00e4ltt\u00e4m\u00e4tt\u00f6m\u00e4t tiedot.<\/p><\/li><li><p><b>Oikeellisuus<\/b> \u2013 Huolehdimme tietojen ajantasaisuudesta.<\/p><\/li><li><p><b>S\u00e4ilytyksen rajoittaminen<\/b> \u2013 Tietoja s\u00e4ilytet\u00e4\u00e4n vain niin kauan kuin tarpeen.<\/p><\/li><li><p><b>Tietoturva<\/b> \u2013 K\u00e4yt\u00e4mme asianmukaisia teknisi\u00e4 ja organisatorisia suojatoimia.<\/p><\/li><\/ul><p>SOL s\u00e4ilytt\u00e4\u00e4 kaikki asiakkailtaan saadut henkilotiedot luottamuksellisina.<\/p><p>\u00a0<\/p><p><b>REKISTER\u00d6IDYN OIKEUDET<\/b><\/p><p>Rekister\u00f6ityn\u00e4 sinulla on oikeus:<\/p><ul><li><p>P\u00e4\u00e4st\u00e4 omiin tietoihisi ja tarkastaa ne.<\/p><\/li><li><p>Pyyt\u00e4\u00e4 virheellisten tietojen oikaisua.<\/p><\/li><li><p>Pyyt\u00e4\u00e4 tietojen poistamista, ellei lakis\u00e4\u00e4teist\u00e4 perustetta niiden s\u00e4ilytykselle ole.<\/p><\/li><li><p>Rajoittaa tietojen k\u00e4sittely\u00e4 tai vastustaa sit\u00e4.<\/p><\/li><li><p>Pyyt\u00e4\u00e4 tietojen siirtoa toiselle rekisterinpit\u00e4j\u00e4lle, jos se on teknisesti mahdollista.<\/p><\/li><li><p>Peruuttaa suostumuksesi tietojesi k\u00e4sittelyyn milloin tahansa.<\/p><\/li><\/ul><p>Oikeuksien k\u00e4ytt\u00e4miseksi voit ottaa yhteytt\u00e4 SOLiin: <span style=\"color: #467886;\"><u><a href=\"mailto:sol@sol.ee\">sol@sol.ee<\/a><\/u><\/span>.<\/p><p>\u00a0<\/p><p><b>HENKIL\u00d6TIETOJEN K\u00c4SITTELYN TARKOITUKSET<\/b><\/p><p>SOL k\u00e4sittelee henkil\u00f6tietoja seuraaviin tarkoituksiin:<\/p><ul><li><p>Myynti- ja asiakaspalvelutoiminta<\/p><\/li><li><p>Markkinointi ja asiakassuhteen yll\u00e4pito<\/p><\/li><li><p>Tietojen analysointi ja kampanjat<\/p><\/li><li><p>Laskutus ja asiakasviestint\u00e4<\/p><\/li><\/ul><p>\u00a0<\/p><p><b>OIKEUDELLISET PERUSTEET<\/b><\/p><p>SOL k\u00e4sittelee henkil\u00f6tietoja seuraavin oikeudellisin perustein:<\/p><ul><li><p><b>Sopimus<\/b>: Tietojen k\u00e4sittely on tarpeen sopimuksen t\u00e4ytt\u00e4miseksi.<\/p><\/li><li><p><b>Suostumus<\/b>: Esim. suoramarkkinointiin tarvitaan asiakkaan suostumus.<\/p><\/li><\/ul><p>\u00a0<\/p><p><b>PROFILOINTI JA MARKKINOINTI<\/b><\/p><p>SOL voi analysoida asiakkaiden ostok\u00e4ytt\u00e4ytymist\u00e4 tarjousten kohdentamiseksi. Mik\u00e4li et halua vastaanottaa markkinointiviestint\u00e4, voit peruuttaa sen ilmoittamalla SOLille.<\/p><p>\u00a0<\/p><p><b>MUUTOKSET YKSITYISYYDENSUOJAAN<\/b><\/p><p>SOL pid\u00e4tt\u00e4\u00e4 oikeuden p\u00e4ivitt\u00e4\u00e4 t\u00e4t\u00e4 yksityisyydensuojaa. Muutoksista tiedotetaan SOLin verkkosivuilla.<\/p><p>Jos sinulla on kysytt\u00e4v\u00e4\u00e4 tietosuojasta, voit ottaa yhteytt\u00e4 osoitteeseen <span style=\"color: #467886;\"><u><a href=\"mailto:privacy@sol.ee\">privacy@sol.ee<\/a><\/u><\/span>.<\/p>\t\t\t\t\t\t\t\t<\/div>\n\t\t\t\t\t<\/div>\n\t\t\t\t<\/div>\n\t\t\t\t\t<\/div>\n\t\t\t\t<\/div>\n\t\t\t\t<\/div>\n\t\t","protected":false},"excerpt":{"rendered":"<p>Asiakaspalvelun parantamiseksi SOL Baltics O\u00dc (&#8221;SOL&#8221;) k\u00e4sittelee asiakkaidensa henkilotietoja t\u00e4m\u00e4n yksityisyydensuojak\u00e4yt\u00e4nn\u00f6n (&#8221;yksityisyydensuoja&#8221;) sek\u00e4 sovellettavien tietosuojas\u00e4\u00e4d\u00f6sten mukaisesti.<\/p>\n","protected":false},"author":1,"featured_media":0,"parent":0,"menu_order":0,"comment_status":"closed","ping_status":"closed","template":"","meta":{"_acf_changed":false,"footnotes":""},"class_list":["post-14502","page","type-page","status-publish","hentry"],"acf":[],"_links":{"self":[{"href":"https:\/\/sol.lv\/fi\/wp-json\/wp\/v2\/pages\/14502","targetHints":{"allow":["GET"]}}],"collection":[{"href":"https:\/\/sol.lv\/fi\/wp-json\/wp\/v2\/pages"}],"about":[{"href":"https:\/\/sol.lv\/fi\/wp-json\/wp\/v2\/types\/page"}],"author":[{"embeddable":true,"href":"https:\/\/sol.lv\/fi\/wp-json\/wp\/v2\/users\/1"}],"replies":[{"embeddable":true,"href":"https:\/\/sol.lv\/fi\/wp-json\/wp\/v2\/comments?post=14502"}],"version-history":[{"count":0,"href":"https:\/\/sol.lv\/fi\/wp-json\/wp\/v2\/pages\/14502\/revisions"}],"wp:attachment":[{"href":"https:\/\/sol.lv\/fi\/wp-json\/wp\/v2\/media?parent=14502"}],"curies":[{"name":"wp","href":"https:\/\/api.w.org\/{rel}","templated":true}]}}